{"id":1757,"date":"2026-04-16T04:12:05","date_gmt":"2026-04-16T01:12:05","guid":{"rendered":"https:\/\/citrushotels.com.tr\/?page_id=1757"},"modified":"2026-05-14T06:05:08","modified_gmt":"2026-05-14T03:05:08","slug":"uber-uns","status":"publish","type":"page","link":"https:\/\/citrushotels.com.tr\/de\/uber-uns\/","title":{"rendered":"\u00dcber uns"},"content":{"rendered":"\t\t<div data-elementor-type=\"wp-page\" data-elementor-id=\"1757\" class=\"elementor elementor-1757 elementor-90\" data-elementor-post-type=\"page\">\n\t\t\t\t<div class=\"elementor-element elementor-element-09ed8d7 e-flex e-con-boxed e-con e-parent\" data-id=\"09ed8d7\" data-element_type=\"container\" data-e-type=\"container\" data-settings=\"{&quot;background_background&quot;:&quot;classic&quot;,&quot;background_motion_fx_motion_fx_scrolling&quot;:&quot;yes&quot;,&quot;background_motion_fx_translateY_effect&quot;:&quot;yes&quot;,&quot;background_motion_fx_translateY_speed&quot;:{&quot;unit&quot;:&quot;px&quot;,&quot;size&quot;:3,&quot;sizes&quot;:[]},&quot;background_motion_fx_range&quot;:&quot;page&quot;,&quot;background_motion_fx_translateY_affectedRange&quot;:{&quot;unit&quot;:&quot;%&quot;,&quot;size&quot;:&quot;&quot;,&quot;sizes&quot;:{&quot;start&quot;:0,&quot;end&quot;:100}},&quot;background_motion_fx_devices&quot;:[&quot;desktop&quot;,&quot;tablet&quot;,&quot;mobile&quot;]}\">\n\t\t\t\t\t<div class=\"e-con-inner\">\n\t\t\t\t<div class=\"elementor-element elementor-element-2e13ad2 elementor-widget elementor-widget-heading\" data-id=\"2e13ad2\" data-element_type=\"widget\" data-e-type=\"widget\" data-widget_type=\"heading.default\">\n\t\t\t\t<div class=\"elementor-widget-container\">\n\t\t\t\t\t<h1 class=\"elementor-heading-title elementor-size-default\">\u00dcber uns<\/h1>\t\t\t\t<\/div>\n\t\t\t\t<\/div>\n\t\t\t\t<div class=\"elementor-element elementor-element-50af923 elementor-widget__width-initial elementor-widget-tablet__width-inherit elementor-widget elementor-widget-heading\" data-id=\"50af923\" data-element_type=\"widget\" data-e-type=\"widget\" data-widget_type=\"heading.default\">\n\t\t\t\t<div class=\"elementor-widget-container\">\n\t\t\t\t\t<span class=\"elementor-heading-title elementor-size-default\">Entdecken Sie das komfortorientierte Servicekonzept von Citrus Hotels, den modernen Unterkunftsansatz und die Markenstruktur, die die Zufriedenheit der G\u00e4ste in den Vordergrund stellt.\n<\/span>\t\t\t\t<\/div>\n\t\t\t\t<\/div>\n\t\t\t\t\t<\/div>\n\t\t\t\t<\/div>\n\t\t<div class=\"elementor-element elementor-element-2575536 e-flex e-con-boxed e-con e-parent\" data-id=\"2575536\" data-element_type=\"container\" data-e-type=\"container\">\n\t\t\t\t\t<div class=\"e-con-inner\">\n\t\t<div class=\"elementor-element elementor-element-84e980e e-con-full e-flex e-con e-child\" data-id=\"84e980e\" data-element_type=\"container\" data-e-type=\"container\">\n\t\t<div class=\"elementor-element elementor-element-2bbb58e e-con-full e-flex e-con e-child\" data-id=\"2bbb58e\" data-element_type=\"container\" data-e-type=\"container\">\n\t\t\t\t<div class=\"elementor-element elementor-element-99d0ac0 elementor-widget elementor-widget-image\" data-id=\"99d0ac0\" data-element_type=\"widget\" data-e-type=\"widget\" data-widget_type=\"image.default\">\n\t\t\t\t<div class=\"elementor-widget-container\">\n\t\t\t\t\t\t\t\t\t\t\t\t\t\t\t<img decoding=\"async\" width=\"1080\" height=\"1080\" src=\"https:\/\/citrushotels.com.tr\/wp-content\/uploads\/citrus-hotels-hakkimizda.webp\" class=\"attachment-full size-full wp-image-2316\" alt=\"Citrus Hotels - Hakk\u0131m\u0131zda\" srcset=\"https:\/\/citrushotels.com.tr\/wp-content\/uploads\/citrus-hotels-hakkimizda.webp 1080w, https:\/\/citrushotels.com.tr\/wp-content\/uploads\/citrus-hotels-hakkimizda-300x300.webp 300w, https:\/\/citrushotels.com.tr\/wp-content\/uploads\/citrus-hotels-hakkimizda-1024x1024.webp 1024w, https:\/\/citrushotels.com.tr\/wp-content\/uploads\/citrus-hotels-hakkimizda-150x150.webp 150w, https:\/\/citrushotels.com.tr\/wp-content\/uploads\/citrus-hotels-hakkimizda-768x768.webp 768w\" sizes=\"(max-width: 1080px) 100vw, 1080px\" \/>\t\t\t\t\t\t\t\t\t\t\t\t\t\t\t<\/div>\n\t\t\t\t<\/div>\n\t\t\t\t<\/div>\n\t\t<div class=\"elementor-element elementor-element-8b4b360 e-con-full e-flex e-con e-child\" data-id=\"8b4b360\" data-element_type=\"container\" data-e-type=\"container\">\n\t\t\t\t<div class=\"elementor-element elementor-element-cf4e54a elementor-widget elementor-widget-heading\" data-id=\"cf4e54a\" data-element_type=\"widget\" data-e-type=\"widget\" data-widget_type=\"heading.default\">\n\t\t\t\t<div class=\"elementor-widget-container\">\n\t\t\t\t\t<h2 class=\"elementor-heading-title elementor-size-default\">Wer wir sind und was wir tun?<\/h2>\t\t\t\t<\/div>\n\t\t\t\t<\/div>\n\t\t\t\t<div class=\"elementor-element elementor-element-afbeeed elementor-widget elementor-widget-text-editor\" data-id=\"afbeeed\" data-element_type=\"widget\" data-e-type=\"widget\" data-widget_type=\"text-editor.default\">\n\t\t\t\t<div class=\"elementor-widget-container\">\n\t\t\t\t\t\t\t\t\t<p>Citrus Hotels ist eine Stadthotelmarke, die mit ihren an verschiedenen Standorten in Antalya gelegenen Hotels sowohl Urlaubern als auch Gesch\u00e4ftsreisenden komfortable und gut erreichbare Unterkunftsl\u00f6sungen bietet. Dank der nach modernen Designprinzipien gestalteten Zimmer, der zentralen Lage und eines Serviceansatzes, der sich an den Bed\u00fcrfnissen der G\u00e4ste orientiert, soll jeder Aufenthalt zu einem praktischen und angenehmen Erlebnis werden.<\/p><p>Jedes Citrus Hotels-Hotel ist so positioniert, dass es die Vorteile seines Standorts optimal nutzt. Der einfache Zugang zum Stadtleben, die bequeme Verkehrsanbindung und die N\u00e4he zu wichtigen Sehensw\u00fcrdigkeiten in der Umgebung machen den Aufenthalt noch effizienter. Dank dieses Ansatzes \u00fcbernachten unsere G\u00e4ste nicht nur in einem komfortablen Zimmer, sondern haben auch die M\u00f6glichkeit, die Stadt, in der sie sich befinden, noch besser zu erleben.<\/p><p>Wir bei Citrus Hotels wissen, dass das \u00dcbernachtungserlebnis mehr ist als nur die Befriedigung eines physischen Bed\u00fcrfnisses. F\u00fcr Reisende sind Zeitmanagement, bequeme Verkehrsanbindung und ein ausgewogenes Ma\u00df an Komfort von gro\u00dfer Bedeutung. Deshalb konzentriert sich unser Serviceverst\u00e4ndnis darauf, die Erwartungen unserer G\u00e4ste richtig zu verstehen und den Komfort, den sie ben\u00f6tigen, zug\u00e4nglich zu machen.<\/p><p>Unser Ziel ist es, unseren G\u00e4sten bei jedem Aufenthalt eine gepflegte, sichere und auf ihre Bed\u00fcrfnisse abgestimmte Umgebung zu bieten. Wir streben danach, einen nachhaltigen Servicestandard zu schaffen, indem wir L\u00f6sungen entwickeln, die unterschiedlichen Erwartungen gerecht werden \u2013 von kurzen Stadtbesuchen bis hin zu l\u00e4ngeren Aufenthalten.<\/p>\t\t\t\t\t\t\t\t<\/div>\n\t\t\t\t<\/div>\n\t\t\t\t<div class=\"elementor-element elementor-element-a662969 elementor-hidden-mobile elementor-hidden-tablet elementor-widget elementor-widget-button\" data-id=\"a662969\" data-element_type=\"widget\" data-e-type=\"widget\" data-widget_type=\"button.default\">\n\t\t\t\t<div class=\"elementor-widget-container\">\n\t\t\t\t\t\t\t\t\t<div class=\"elementor-button-wrapper\">\n\t\t\t\t\t<a class=\"elementor-button elementor-button-link elementor-size-sm\" href=\"\/de\/kontakt\/\">\n\t\t\t\t\t\t<span class=\"elementor-button-content-wrapper\">\n\t\t\t\t\t\t<span class=\"elementor-button-icon\">\n\t\t\t\t<i aria-hidden=\"true\" class=\"mdi mdi-arrow-right\"><\/i>\t\t\t<\/span>\n\t\t\t\t\t\t\t\t\t<span class=\"elementor-button-text\">Durchsuchen Sie unsere Hotels<\/span>\n\t\t\t\t\t<\/span>\n\t\t\t\t\t<\/a>\n\t\t\t\t<\/div>\n\t\t\t\t\t\t\t\t<\/div>\n\t\t\t\t<\/div>\n\t\t\t\t<\/div>\n\t\t\t\t<\/div>\n\t\t<div class=\"elementor-element elementor-element-97b1b6a e-con-full e-flex e-con e-child\" data-id=\"97b1b6a\" data-element_type=\"container\" data-e-type=\"container\">\n\t\t\t\t<div class=\"elementor-element elementor-element-8fa0fb8 elementor-widget elementor-widget-heading\" data-id=\"8fa0fb8\" data-element_type=\"widget\" data-e-type=\"widget\" data-widget_type=\"heading.default\">\n\t\t\t\t<div class=\"elementor-widget-container\">\n\t\t\t\t\t<h2 class=\"elementor-heading-title elementor-size-default\">Unser Auftrag und unsere Vision<\/h2>\t\t\t\t<\/div>\n\t\t\t\t<\/div>\n\t\t\t\t<div class=\"elementor-element elementor-element-f3e116e elementor-widget elementor-widget-text-editor\" data-id=\"f3e116e\" data-element_type=\"widget\" data-e-type=\"widget\" data-widget_type=\"text-editor.default\">\n\t\t\t\t<div class=\"elementor-widget-container\">\n\t\t\t\t\t\t\t\t\t<h3><strong>Unsere Mission:<\/strong><\/h3><p>Es ist unsere oberste Priorit\u00e4t, ein zuverl\u00e4ssiges \u00dcbernachtungserlebnis zu bieten, das den Aufenthalt unserer G\u00e4ste erleichtert und Komfort und Barrierefreiheit in ausgewogener Weise vereint. Durch die genaue Analyse der G\u00e4stebed\u00fcrfnisse entwickeln wir L\u00f6sungen, die den Erwartungen entsprechen, und verbessern kontinuierlich unsere Serviceprozesse, um die Zufriedenheit bei jedem Aufenthalt zu steigern.<\/p><p>Wir wissen, dass der Aufenthalt nicht nur auf den Komfort des Zimmers beschr\u00e4nkt ist, und verfolgen einen Ansatz, der die Reisepl\u00e4ne unserer G\u00e4ste unterst\u00fctzt. In diesem Sinne streben wir eine nachhaltige Verbesserung der Servicequalit\u00e4t und die Anpassung an die Erwartungen unserer G\u00e4ste an.<\/p>\t\t\t\t\t\t\t\t<\/div>\n\t\t\t\t<\/div>\n\t\t\t\t<div class=\"elementor-element elementor-element-1bee373 elementor-widget elementor-widget-text-editor\" data-id=\"1bee373\" data-element_type=\"widget\" data-e-type=\"widget\" data-widget_type=\"text-editor.default\">\n\t\t\t\t<div class=\"elementor-widget-container\">\n\t\t\t\t\t\t\t\t\t<h2><strong>Unsere Vision:<\/strong><\/h2><p>Unser wichtigstes Ziel ist es, im Bereich der Stadthotellerie eine bevorzugte Marke zu sein, die komfortable \u00dcbernachtungserlebnisse zug\u00e4nglich macht und die Zufriedenheit der G\u00e4ste in den Vordergrund stellt. Wir verfolgen die sich wandelnden Reisegewohnheiten, um unseren Serviceansatz kontinuierlich zu verbessern und eine Struktur zu schaffen, die den Erwartungen unserer G\u00e4ste entspricht.<\/p><p>Langfristig geh\u00f6rt es zu unseren Priorit\u00e4ten, die Marke Citrus Hotels an ihren Standorten zu einer zuverl\u00e4ssigen und bevorzugten Unterkunftsalternative zu machen.<\/p>\t\t\t\t\t\t\t\t<\/div>\n\t\t\t\t<\/div>\n\t\t\t\t<\/div>\n\t\t\t\t\t<\/div>\n\t\t\t\t<\/div>\n\t\t\t\t<\/div>\n\t\t","protected":false},"excerpt":{"rendered":"<p>\u00dcber uns Entdecken Sie das komfortorientierte Servicekonzept von Citrus Hotels, den modernen Unterkunftsansatz und die Markenstruktur, die die Zufriedenheit der G\u00e4ste in den Vordergrund stellt. Wer wir sind und was wir tun? Citrus Hotels ist eine Stadthotelmarke, die mit ihren an verschiedenen Standorten in Antalya gelegenen Hotels sowohl Urlaubern als auch Gesch\u00e4ftsreisenden komfortable und gut [&hellip;]<\/p>\n","protected":false},"author":1,"featured_media":0,"parent":0,"menu_order":0,"comment_status":"closed","ping_status":"closed","template":"","meta":{"_acf_changed":false,"footnotes":""},"class_list":["post-1757","page","type-page","status-publish","hentry"],"acf":[],"_links":{"self":[{"href":"https:\/\/citrushotels.com.tr\/de\/wp-json\/wp\/v2\/pages\/1757","targetHints":{"allow":["GET"]}}],"collection":[{"href":"https:\/\/citrushotels.com.tr\/de\/wp-json\/wp\/v2\/pages"}],"about":[{"href":"https:\/\/citrushotels.com.tr\/de\/wp-json\/wp\/v2\/types\/page"}],"author":[{"embeddable":true,"href":"https:\/\/citrushotels.com.tr\/de\/wp-json\/wp\/v2\/users\/1"}],"replies":[{"embeddable":true,"href":"https:\/\/citrushotels.com.tr\/de\/wp-json\/wp\/v2\/comments?post=1757"}],"version-history":[{"count":5,"href":"https:\/\/citrushotels.com.tr\/de\/wp-json\/wp\/v2\/pages\/1757\/revisions"}],"predecessor-version":[{"id":2883,"href":"https:\/\/citrushotels.com.tr\/de\/wp-json\/wp\/v2\/pages\/1757\/revisions\/2883"}],"wp:attachment":[{"href":"https:\/\/citrushotels.com.tr\/de\/wp-json\/wp\/v2\/media?parent=1757"}],"curies":[{"name":"wp","href":"https:\/\/api.w.org\/{rel}","templated":true}]}}