{"id":1763,"date":"2026-04-16T05:05:10","date_gmt":"2026-04-16T02:05:10","guid":{"rendered":"https:\/\/citrushotels.com.tr\/?page_id=1763"},"modified":"2026-05-14T06:13:45","modified_gmt":"2026-05-14T03:13:45","slug":"unsere-hotels","status":"publish","type":"page","link":"https:\/\/citrushotels.com.tr\/de\/unsere-hotels\/","title":{"rendered":"Unsere Hotels"},"content":{"rendered":"\t\t<div data-elementor-type=\"wp-page\" data-elementor-id=\"1763\" class=\"elementor elementor-1763 elementor-148\" data-elementor-post-type=\"page\">\n\t\t\t\t<div class=\"elementor-element elementor-element-c24816e e-flex e-con-boxed e-con e-parent\" data-id=\"c24816e\" data-element_type=\"container\" data-e-type=\"container\" data-settings=\"{&quot;background_background&quot;:&quot;classic&quot;,&quot;background_motion_fx_motion_fx_scrolling&quot;:&quot;yes&quot;,&quot;background_motion_fx_translateY_effect&quot;:&quot;yes&quot;,&quot;background_motion_fx_translateY_speed&quot;:{&quot;unit&quot;:&quot;px&quot;,&quot;size&quot;:3,&quot;sizes&quot;:[]},&quot;background_motion_fx_range&quot;:&quot;page&quot;,&quot;background_motion_fx_translateY_affectedRange&quot;:{&quot;unit&quot;:&quot;%&quot;,&quot;size&quot;:&quot;&quot;,&quot;sizes&quot;:{&quot;start&quot;:0,&quot;end&quot;:100}},&quot;background_motion_fx_devices&quot;:[&quot;desktop&quot;,&quot;tablet&quot;,&quot;mobile&quot;]}\">\n\t\t\t\t\t<div class=\"e-con-inner\">\n\t\t\t\t<div class=\"elementor-element elementor-element-948ad8c elementor-widget elementor-widget-heading\" data-id=\"948ad8c\" data-element_type=\"widget\" data-e-type=\"widget\" data-widget_type=\"heading.default\">\n\t\t\t\t<div class=\"elementor-widget-container\">\n\t\t\t\t\t<h1 class=\"elementor-heading-title elementor-size-default\">Unsere Hotels<\/h1>\t\t\t\t<\/div>\n\t\t\t\t<\/div>\n\t\t\t\t<div class=\"elementor-element elementor-element-5a293b5 elementor-widget__width-initial elementor-widget-tablet__width-inherit elementor-widget elementor-widget-heading\" data-id=\"5a293b5\" data-element_type=\"widget\" data-e-type=\"widget\" data-widget_type=\"heading.default\">\n\t\t\t\t<div class=\"elementor-widget-container\">\n\t\t\t\t\t<span class=\"elementor-heading-title elementor-size-default\">Sie k\u00f6nnen sich schnell \u00fcber den Standort, die Zimmeroptionen und die von uns angebotenen Dienstleistungen informieren, indem Sie sich unsere Hotels innerhalb von Citrus Hotels ansehen.<\/span>\t\t\t\t<\/div>\n\t\t\t\t<\/div>\n\t\t\t\t\t<\/div>\n\t\t\t\t<\/div>\n\t\t<div class=\"elementor-element elementor-element-318ecd5 e-flex e-con-boxed e-con e-parent\" data-id=\"318ecd5\" data-element_type=\"container\" data-e-type=\"container\">\n\t\t\t\t\t<div class=\"e-con-inner\">\n\t\t<div class=\"elementor-element elementor-element-482d6b6 e-con-full e-flex e-con e-child\" data-id=\"482d6b6\" data-element_type=\"container\" data-e-type=\"container\">\n\t\t<div class=\"elementor-element elementor-element-66fa67d e-con-full e-flex e-con e-child\" data-id=\"66fa67d\" data-element_type=\"container\" data-e-type=\"container\" data-settings=\"{&quot;background_background&quot;:&quot;classic&quot;}\">\n\t\t<div class=\"elementor-element elementor-element-f181643 e-con-full e-flex e-con e-child\" data-id=\"f181643\" data-element_type=\"container\" data-e-type=\"container\">\n\t\t\t\t<div class=\"elementor-element elementor-element-7adce59 elementor-widget elementor-widget-image\" data-id=\"7adce59\" data-element_type=\"widget\" data-e-type=\"widget\" data-widget_type=\"image.default\">\n\t\t\t\t<div class=\"elementor-widget-container\">\n\t\t\t\t\t\t\t\t\t\t\t\t\t\t\t\t<a href=\"\/de\/citrus-park-hotel\/\">\n\t\t\t\t\t\t\t<img decoding=\"async\" width=\"1600\" height=\"1000\" src=\"https:\/\/citrushotels.com.tr\/wp-content\/uploads\/citrus-hotels-otellerimiz-citrus-park-hotel.webp\" class=\"attachment-full size-full wp-image-2291\" alt=\"Citrus Hotel - Citrus Park Hotel \u00d6ne \u00c7\u0131kan G\u00f6rsel\" srcset=\"https:\/\/citrushotels.com.tr\/wp-content\/uploads\/citrus-hotels-otellerimiz-citrus-park-hotel.webp 1600w, https:\/\/citrushotels.com.tr\/wp-content\/uploads\/citrus-hotels-otellerimiz-citrus-park-hotel-300x188.webp 300w, https:\/\/citrushotels.com.tr\/wp-content\/uploads\/citrus-hotels-otellerimiz-citrus-park-hotel-1024x640.webp 1024w, https:\/\/citrushotels.com.tr\/wp-content\/uploads\/citrus-hotels-otellerimiz-citrus-park-hotel-768x480.webp 768w, https:\/\/citrushotels.com.tr\/wp-content\/uploads\/citrus-hotels-otellerimiz-citrus-park-hotel-1536x960.webp 1536w\" sizes=\"(max-width: 1600px) 100vw, 1600px\" \/>\t\t\t\t\t\t\t\t<\/a>\n\t\t\t\t\t\t\t\t\t\t\t\t\t\t\t<\/div>\n\t\t\t\t<\/div>\n\t\t\t\t<\/div>\n\t\t<div class=\"elementor-element elementor-element-07d5efc e-con-full e-flex e-con e-child\" data-id=\"07d5efc\" data-element_type=\"container\" data-e-type=\"container\">\n\t\t\t\t<div class=\"elementor-element elementor-element-5ea8c4f elementor-widget elementor-widget-heading\" data-id=\"5ea8c4f\" data-element_type=\"widget\" data-e-type=\"widget\" data-widget_type=\"heading.default\">\n\t\t\t\t<div class=\"elementor-widget-container\">\n\t\t\t\t\t<span class=\"elementor-heading-title elementor-size-default\"><a href=\"\/de\/citrus-park-hotel\/\">Citrus Park Hotel<\/a><\/span>\t\t\t\t<\/div>\n\t\t\t\t<\/div>\n\t\t\t\t<div class=\"elementor-element elementor-element-a42701a elementor-widget elementor-widget-heading\" data-id=\"a42701a\" data-element_type=\"widget\" data-e-type=\"widget\" data-widget_type=\"heading.default\">\n\t\t\t\t<div class=\"elementor-widget-container\">\n\t\t\t\t\t<span class=\"elementor-heading-title elementor-size-default\"><a href=\"\/de\/citrus-park-hotel\/\">Konyaalt\u0131 Das in Strandn\u00e4he gelegene Citrus Park Hotel bietet mit seinen modernen Zimmern, seiner zentralen Lage und seinem komfortorientierten Servicekonzept ein angenehmes Unterkunftserlebnis in Antalya.<\/a><\/span>\t\t\t\t<\/div>\n\t\t\t\t<\/div>\n\t\t\t\t<\/div>\n\t\t\t\t<\/div>\n\t\t<div class=\"elementor-element elementor-element-15ccca2 e-con-full e-flex e-con e-child\" data-id=\"15ccca2\" data-element_type=\"container\" data-e-type=\"container\" data-settings=\"{&quot;background_background&quot;:&quot;classic&quot;}\">\n\t\t<div class=\"elementor-element elementor-element-7e19a2b e-con-full e-flex e-con e-child\" data-id=\"7e19a2b\" data-element_type=\"container\" data-e-type=\"container\">\n\t\t\t\t<div class=\"elementor-element elementor-element-5413e85 elementor-widget elementor-widget-image\" data-id=\"5413e85\" data-element_type=\"widget\" data-e-type=\"widget\" data-widget_type=\"image.default\">\n\t\t\t\t<div class=\"elementor-widget-container\">\n\t\t\t\t\t\t\t\t\t\t\t\t\t\t\t\t<a href=\"\/de\/citrus-luna-apart-hotel\/\">\n\t\t\t\t\t\t\t<img decoding=\"async\" width=\"1600\" height=\"1000\" src=\"https:\/\/citrushotels.com.tr\/wp-content\/uploads\/citrus-hotels-otellerimiz-citrus-luna-apart-hotel.webp\" class=\"attachment-full size-full wp-image-2274\" alt=\"Citrus Luna Apart Hotel - Oda G\u00f6rselleri\" srcset=\"https:\/\/citrushotels.com.tr\/wp-content\/uploads\/citrus-hotels-otellerimiz-citrus-luna-apart-hotel.webp 1600w, https:\/\/citrushotels.com.tr\/wp-content\/uploads\/citrus-hotels-otellerimiz-citrus-luna-apart-hotel-300x188.webp 300w, https:\/\/citrushotels.com.tr\/wp-content\/uploads\/citrus-hotels-otellerimiz-citrus-luna-apart-hotel-1024x640.webp 1024w, https:\/\/citrushotels.com.tr\/wp-content\/uploads\/citrus-hotels-otellerimiz-citrus-luna-apart-hotel-768x480.webp 768w, https:\/\/citrushotels.com.tr\/wp-content\/uploads\/citrus-hotels-otellerimiz-citrus-luna-apart-hotel-1536x960.jpg 1536w\" sizes=\"(max-width: 1600px) 100vw, 1600px\" \/>\t\t\t\t\t\t\t\t<\/a>\n\t\t\t\t\t\t\t\t\t\t\t\t\t\t\t<\/div>\n\t\t\t\t<\/div>\n\t\t\t\t<\/div>\n\t\t<div class=\"elementor-element elementor-element-05ffe26 e-con-full e-flex e-con e-child\" data-id=\"05ffe26\" data-element_type=\"container\" data-e-type=\"container\">\n\t\t\t\t<div class=\"elementor-element elementor-element-6a919e6 elementor-widget elementor-widget-heading\" data-id=\"6a919e6\" data-element_type=\"widget\" data-e-type=\"widget\" data-widget_type=\"heading.default\">\n\t\t\t\t<div class=\"elementor-widget-container\">\n\t\t\t\t\t<span class=\"elementor-heading-title elementor-size-default\"><a href=\"\/de\/citrus-luna-apart-hotel\/\">Citrus Luna Apart Hotel<\/a><\/span>\t\t\t\t<\/div>\n\t\t\t\t<\/div>\n\t\t\t\t<div class=\"elementor-element elementor-element-93f7ce5 elementor-widget elementor-widget-heading\" data-id=\"93f7ce5\" data-element_type=\"widget\" data-e-type=\"widget\" data-widget_type=\"heading.default\">\n\t\t\t\t<div class=\"elementor-widget-container\">\n\t\t\t\t\t<span class=\"elementor-heading-title elementor-size-default\"><a href=\"\/de\/citrus-luna-apart-hotel\/\">Das Citrus Luna Apart Hotel zeichnet sich durch seine ger\u00e4umigen und voll ausgestatteten Suite-Zimmer aus und ist mit seiner zentralen Lage sowie dem wohnlichen Komfort ideal f\u00fcr entspannte und l\u00e4ngere Aufenthalte.<\/a><\/span>\t\t\t\t<\/div>\n\t\t\t\t<\/div>\n\t\t\t\t<\/div>\n\t\t\t\t<\/div>\n\t\t<div class=\"elementor-element elementor-element-de1791d e-con-full e-flex e-con e-child\" data-id=\"de1791d\" data-element_type=\"container\" data-e-type=\"container\" data-settings=\"{&quot;background_background&quot;:&quot;classic&quot;}\">\n\t\t<div class=\"elementor-element elementor-element-db406b8 e-con-full e-flex e-con e-child\" data-id=\"db406b8\" data-element_type=\"container\" data-e-type=\"container\">\n\t\t\t\t<div class=\"elementor-element elementor-element-128ea44 elementor-widget elementor-widget-image\" data-id=\"128ea44\" data-element_type=\"widget\" data-e-type=\"widget\" data-widget_type=\"image.default\">\n\t\t\t\t<div class=\"elementor-widget-container\">\n\t\t\t\t\t\t\t\t\t\t\t\t\t\t\t\t<a href=\"\/de\/citrus-urban-hotel\/\">\n\t\t\t\t\t\t\t<img decoding=\"async\" width=\"1600\" height=\"1000\" src=\"https:\/\/citrushotels.com.tr\/wp-content\/uploads\/citrus-hotels-otellerimiz-citrus-urban-hotel-2.webp\" class=\"attachment-full size-full wp-image-2255\" alt=\"Citrus Urban Hotel - Kapak G\u00f6rseli\" srcset=\"https:\/\/citrushotels.com.tr\/wp-content\/uploads\/citrus-hotels-otellerimiz-citrus-urban-hotel-2.webp 1600w, https:\/\/citrushotels.com.tr\/wp-content\/uploads\/citrus-hotels-otellerimiz-citrus-urban-hotel-2-300x188.webp 300w, https:\/\/citrushotels.com.tr\/wp-content\/uploads\/citrus-hotels-otellerimiz-citrus-urban-hotel-2-1024x640.webp 1024w, https:\/\/citrushotels.com.tr\/wp-content\/uploads\/citrus-hotels-otellerimiz-citrus-urban-hotel-2-768x480.jpg 768w, https:\/\/citrushotels.com.tr\/wp-content\/uploads\/citrus-hotels-otellerimiz-citrus-urban-hotel-2-1536x960.jpg 1536w\" sizes=\"(max-width: 1600px) 100vw, 1600px\" \/>\t\t\t\t\t\t\t\t<\/a>\n\t\t\t\t\t\t\t\t\t\t\t\t\t\t\t<\/div>\n\t\t\t\t<\/div>\n\t\t\t\t<\/div>\n\t\t<div class=\"elementor-element elementor-element-4c87d06 e-con-full e-flex e-con e-child\" data-id=\"4c87d06\" data-element_type=\"container\" data-e-type=\"container\">\n\t\t\t\t<div class=\"elementor-element elementor-element-edb0838 elementor-widget elementor-widget-heading\" data-id=\"edb0838\" data-element_type=\"widget\" data-e-type=\"widget\" data-widget_type=\"heading.default\">\n\t\t\t\t<div class=\"elementor-widget-container\">\n\t\t\t\t\t<span class=\"elementor-heading-title elementor-size-default\"><a href=\"\/de\/citrus-urban-hotel\/\">Citrus Urban Hotel<\/a><\/span>\t\t\t\t<\/div>\n\t\t\t\t<\/div>\n\t\t\t\t<div class=\"elementor-element elementor-element-c69b856 elementor-widget elementor-widget-heading\" data-id=\"c69b856\" data-element_type=\"widget\" data-e-type=\"widget\" data-widget_type=\"heading.default\">\n\t\t\t\t<div class=\"elementor-widget-container\">\n\t\t\t\t\t<span class=\"elementor-heading-title elementor-size-default\"><a href=\"\/de\/citrus-urban-hotel\/\">Das in der N\u00e4he des Stadtzentrums gelegene Citrus Urban Hotel eignet sich mit seinen modernen Zimmern, der bequemen Verkehrsanbindung und der komfortablen Struktur f\u00fcr Gesch\u00e4fts- und Freizeitaufenthalte.<\/a><\/span>\t\t\t\t<\/div>\n\t\t\t\t<\/div>\n\t\t\t\t<\/div>\n\t\t\t\t<\/div>\n\t\t\t\t<\/div>\n\t\t\t\t\t<\/div>\n\t\t\t\t<\/div>\n\t\t\t\t<\/div>\n\t\t","protected":false},"excerpt":{"rendered":"<p>Unsere Hotels Sie k\u00f6nnen sich schnell \u00fcber den Standort, die Zimmeroptionen und die von uns angebotenen Dienstleistungen informieren, indem Sie sich unsere Hotels innerhalb von Citrus Hotels ansehen. Citrus Park Hotel Konyaalt\u0131 Das in Strandn\u00e4he gelegene Citrus Park Hotel bietet mit seinen modernen Zimmern, seiner zentralen Lage und seinem komfortorientierten Servicekonzept ein angenehmes Unterkunftserlebnis in [&hellip;]<\/p>\n","protected":false},"author":1,"featured_media":0,"parent":0,"menu_order":0,"comment_status":"closed","ping_status":"closed","template":"","meta":{"_acf_changed":false,"footnotes":""},"class_list":["post-1763","page","type-page","status-publish","hentry"],"acf":[],"_links":{"self":[{"href":"https:\/\/citrushotels.com.tr\/de\/wp-json\/wp\/v2\/pages\/1763","targetHints":{"allow":["GET"]}}],"collection":[{"href":"https:\/\/citrushotels.com.tr\/de\/wp-json\/wp\/v2\/pages"}],"about":[{"href":"https:\/\/citrushotels.com.tr\/de\/wp-json\/wp\/v2\/types\/page"}],"author":[{"embeddable":true,"href":"https:\/\/citrushotels.com.tr\/de\/wp-json\/wp\/v2\/users\/1"}],"replies":[{"embeddable":true,"href":"https:\/\/citrushotels.com.tr\/de\/wp-json\/wp\/v2\/comments?post=1763"}],"version-history":[{"count":8,"href":"https:\/\/citrushotels.com.tr\/de\/wp-json\/wp\/v2\/pages\/1763\/revisions"}],"predecessor-version":[{"id":2894,"href":"https:\/\/citrushotels.com.tr\/de\/wp-json\/wp\/v2\/pages\/1763\/revisions\/2894"}],"wp:attachment":[{"href":"https:\/\/citrushotels.com.tr\/de\/wp-json\/wp\/v2\/media?parent=1763"}],"curies":[{"name":"wp","href":"https:\/\/api.w.org\/{rel}","templated":true}]}}